{"id":187,"date":"2020-08-04T15:07:44","date_gmt":"2020-08-04T18:07:44","guid":{"rendered":"http:\/\/www.relatorios.projetovivamusica.org.br\/?page_id=187"},"modified":"2022-08-06T01:11:39","modified_gmt":"2022-08-06T04:11:39","slug":"aluno-bom-de-nota","status":"publish","type":"page","link":"http:\/\/www.relatorios.projetovivamusica.org.br\/20221\/imbituva\/aluno-bom-de-nota\/","title":{"rendered":"Aluno Bom de Nota"},"content":{"rendered":"<h3 style=\"text-align: center;\">A Uni\u00e3o Imbituvense do Bem-estar do Menor (UNIBEM), localizada na cidade de Imbituva (PR) recebe aulas de musicaliza\u00e7\u00e3o infantil e canto coral.<\/h3>\n","protected":false},"excerpt":{"rendered":"<p>A Uni\u00e3o Imbituvense do Bem-estar do Menor (UNIBEM), localizada na cidade de Imbituva (PR) recebe aulas de musicaliza\u00e7\u00e3o infantil e canto coral.<\/p>\n","protected":false},"author":1,"featured_media":0,"parent":185,"menu_order":0,"comment_status":"closed","ping_status":"closed","template":"template-blog-masonry.php","meta":[],"_links":{"self":[{"href":"http:\/\/www.relatorios.projetovivamusica.org.br\/20221\/wp-json\/wp\/v2\/pages\/187"}],"collection":[{"href":"http:\/\/www.relatorios.projetovivamusica.org.br\/20221\/wp-json\/wp\/v2\/pages"}],"about":[{"href":"http:\/\/www.relatorios.projetovivamusica.org.br\/20221\/wp-json\/wp\/v2\/types\/page"}],"author":[{"embeddable":true,"href":"http:\/\/www.relatorios.projetovivamusica.org.br\/20221\/wp-json\/wp\/v2\/users\/1"}],"replies":[{"embeddable":true,"href":"http:\/\/www.relatorios.projetovivamusica.org.br\/20221\/wp-json\/wp\/v2\/comments?post=187"}],"version-history":[{"count":3,"href":"http:\/\/www.relatorios.projetovivamusica.org.br\/20221\/wp-json\/wp\/v2\/pages\/187\/revisions"}],"predecessor-version":[{"id":531,"href":"http:\/\/www.relatorios.projetovivamusica.org.br\/20221\/wp-json\/wp\/v2\/pages\/187\/revisions\/531"}],"up":[{"embeddable":true,"href":"http:\/\/www.relatorios.projetovivamusica.org.br\/20221\/wp-json\/wp\/v2\/pages\/185"}],"wp:attachment":[{"href":"http:\/\/www.relatorios.projetovivamusica.org.br\/20221\/wp-json\/wp\/v2\/media?parent=187"}],"curies":[{"name":"wp","href":"https:\/\/api.w.org\/{rel}","templated":true}]}}