{"id":187,"date":"2020-08-04T15:07:44","date_gmt":"2020-08-04T18:07:44","guid":{"rendered":"http:\/\/www.relatorios.projetovivamusica.org.br\/?page_id=187"},"modified":"2023-03-15T11:01:56","modified_gmt":"2023-03-15T14:01:56","slug":"unibem","status":"publish","type":"page","link":"http:\/\/www.relatorios.projetovivamusica.org.br\/20231\/imbituva\/unibem\/","title":{"rendered":"UNIBEM"},"content":{"rendered":"<h3 style=\"text-align: center;\">A Uni\u00e3o Imbituvense do Bem-estar do Menor (UNIBEM), localizada na cidade de Imbituva (PR) recebe aulas de musicaliza\u00e7\u00e3o infantil e canto coral.<\/h3>\n","protected":false},"excerpt":{"rendered":"<p>A Uni\u00e3o Imbituvense do Bem-estar do Menor (UNIBEM), localizada na cidade de Imbituva (PR) recebe aulas de musicaliza\u00e7\u00e3o infantil e canto coral.<\/p>\n","protected":false},"author":1,"featured_media":0,"parent":185,"menu_order":0,"comment_status":"closed","ping_status":"closed","template":"template-blog-masonry.php","meta":[],"_links":{"self":[{"href":"http:\/\/www.relatorios.projetovivamusica.org.br\/20231\/wp-json\/wp\/v2\/pages\/187"}],"collection":[{"href":"http:\/\/www.relatorios.projetovivamusica.org.br\/20231\/wp-json\/wp\/v2\/pages"}],"about":[{"href":"http:\/\/www.relatorios.projetovivamusica.org.br\/20231\/wp-json\/wp\/v2\/types\/page"}],"author":[{"embeddable":true,"href":"http:\/\/www.relatorios.projetovivamusica.org.br\/20231\/wp-json\/wp\/v2\/users\/1"}],"replies":[{"embeddable":true,"href":"http:\/\/www.relatorios.projetovivamusica.org.br\/20231\/wp-json\/wp\/v2\/comments?post=187"}],"version-history":[{"count":4,"href":"http:\/\/www.relatorios.projetovivamusica.org.br\/20231\/wp-json\/wp\/v2\/pages\/187\/revisions"}],"predecessor-version":[{"id":799,"href":"http:\/\/www.relatorios.projetovivamusica.org.br\/20231\/wp-json\/wp\/v2\/pages\/187\/revisions\/799"}],"up":[{"embeddable":true,"href":"http:\/\/www.relatorios.projetovivamusica.org.br\/20231\/wp-json\/wp\/v2\/pages\/185"}],"wp:attachment":[{"href":"http:\/\/www.relatorios.projetovivamusica.org.br\/20231\/wp-json\/wp\/v2\/media?parent=187"}],"curies":[{"name":"wp","href":"https:\/\/api.w.org\/{rel}","templated":true}]}}