{"id":91,"date":"2020-08-03T05:32:54","date_gmt":"2020-08-03T08:32:54","guid":{"rendered":"http:\/\/www.relatorios.projetovivamusica.org.br\/?page_id=91"},"modified":"2021-05-17T09:37:45","modified_gmt":"2021-05-17T12:37:45","slug":"projeto-viva-musica","status":"publish","type":"page","link":"https:\/\/www.relatorios.projetovivamusica.org.br\/2021\/?page_id=91","title":{"rendered":"Projeto Viva M\u00fasica"},"content":{"rendered":"<p>O Projeto Viva M\u00fasica \u00e9 realizado pelo Instituto de Produ\u00e7\u00e3o Cultural FreeStudio.<\/p>\n<p>Fundado no dia 8 de dezembro de 2009, o Instituto possui certifica\u00e7\u00e3o de Organiza\u00e7\u00e3o Social de Interesse P\u00fablico \u2013 OSCIP desde julho de 2011. Com um trabalho que contribui para melhorar a qualidade de vida das pessoas atrav\u00e9s da m\u00fasica e de seus elementos, o Projeto Viva M\u00fasica atua nas seguintes frentes:<\/p>\n<p><strong>M\u00daSICA NA EDUCA\u00c7\u00c3O INFANTIL:<\/strong>\u00a0Atrav\u00e9s de atividades l\u00fadicas crian\u00e7as desenvolvem a percep\u00e7\u00e3o e a mem\u00f3ria auditiva, reconhecem os elementos da m\u00fasica, conhecem grande variedade de instrumentos musicais, suas caracter\u00edsticas e timbre, e ampliam o repert\u00f3rio de m\u00fasica infantil.<\/p>\n<p><strong>M\u00daSICA PARA ALUNO BOM DE NOTA:<\/strong>\u00a0Alunos selecionados das Escolas P\u00fablicas, com aptid\u00e3o musical, receberam bolsa de estudo 100% gratuita, para aulas de Canto, Piano, Flauta, Saxofone, Clarinete, Trompete, Trombone, Violino e Viol\u00e3o.<\/p>\n<p><strong>M\u00daSICA PARA UMA VIDA MELHOR:<\/strong>\u00a0Internos de Centro de Recupera\u00e7\u00e3o s\u00e3o beneficiados com aulas de Viol\u00e3o, Canto Coral e Pr\u00e1tica de Banda. Nas aulas de m\u00fasica os internos desenvolvem seus talentos e encontram a capacidade de fazer m\u00fasica sem o uso das drogas.<\/p>\n<p><strong>M\u00daSICA PARA INCLUS\u00c3O SOCIAL:<\/strong>\u00a0Pessoas com impedimentos permanentes ou tempor\u00e1rios para aprendizagem da m\u00fasica em estabelecimentos convencionais, e pessoas em estado de pobreza.<\/p>\n<p>&nbsp;<\/p>\n<p><strong>Valores<\/strong><\/p>\n<p>Aprovado: R$ 601.342,94<\/p>\n<p>Captado: R$ 601.342,94<\/p>\n","protected":false},"excerpt":{"rendered":"<p>O Projeto Viva M\u00fasica \u00e9 realizado pelo Instituto de Produ\u00e7\u00e3o Cultural FreeStudio. Fundado no dia 8 de dezembro de 2009, o Instituto possui certifica\u00e7\u00e3o de Organiza\u00e7\u00e3o Social de Interesse P\u00fablico \u2013 OSCIP desde julho de 2011. Com um trabalho que contribui para melhorar a qualidade de vida das pessoas atrav\u00e9s da m\u00fasica e de seus&hellip;<\/p>\n","protected":false},"author":1,"featured_media":0,"parent":0,"menu_order":0,"comment_status":"closed","ping_status":"closed","template":"","meta":[],"_links":{"self":[{"href":"https:\/\/www.relatorios.projetovivamusica.org.br\/2021\/index.php?rest_route=\/wp\/v2\/pages\/91"}],"collection":[{"href":"https:\/\/www.relatorios.projetovivamusica.org.br\/2021\/index.php?rest_route=\/wp\/v2\/pages"}],"about":[{"href":"https:\/\/www.relatorios.projetovivamusica.org.br\/2021\/index.php?rest_route=\/wp\/v2\/types\/page"}],"author":[{"embeddable":true,"href":"https:\/\/www.relatorios.projetovivamusica.org.br\/2021\/index.php?rest_route=\/wp\/v2\/users\/1"}],"replies":[{"embeddable":true,"href":"https:\/\/www.relatorios.projetovivamusica.org.br\/2021\/index.php?rest_route=%2Fwp%2Fv2%2Fcomments&post=91"}],"version-history":[{"count":4,"href":"https:\/\/www.relatorios.projetovivamusica.org.br\/2021\/index.php?rest_route=\/wp\/v2\/pages\/91\/revisions"}],"predecessor-version":[{"id":353,"href":"https:\/\/www.relatorios.projetovivamusica.org.br\/2021\/index.php?rest_route=\/wp\/v2\/pages\/91\/revisions\/353"}],"wp:attachment":[{"href":"https:\/\/www.relatorios.projetovivamusica.org.br\/2021\/index.php?rest_route=%2Fwp%2Fv2%2Fmedia&parent=91"}],"curies":[{"name":"wp","href":"https:\/\/api.w.org\/{rel}","templated":true}]}}