{"id":28,"date":"2020-07-29T15:29:49","date_gmt":"2020-07-29T18:29:49","guid":{"rendered":"http:\/\/www.relatorios.projetovivamusica.org.br\/?page_id=28"},"modified":"2020-08-04T15:29:47","modified_gmt":"2020-08-04T18:29:47","slug":"cerene","status":"publish","type":"page","link":"https:\/\/www.relatorios.projetovivamusica.org.br\/20212\/?page_id=28","title":{"rendered":"CERENE"},"content":{"rendered":"<h3 style=\"text-align: center;\">O Centro de Recupera\u00e7\u00e3o Nova Esperan\u00e7a \u00e9 contemplado com os cursos de canto coral, pr\u00e1tica de banda e viol\u00e3o em sua unidade em Blumenau.<\/h3>\n","protected":false},"excerpt":{"rendered":"<p>O Centro de Recupera\u00e7\u00e3o Nova Esperan\u00e7a \u00e9 contemplado com os cursos de canto coral, pr\u00e1tica de banda e viol\u00e3o em sua unidade em Blumenau.<\/p>\n","protected":false},"author":1,"featured_media":0,"parent":30,"menu_order":0,"comment_status":"closed","ping_status":"closed","template":"template-blog-masonry.php","meta":[],"_links":{"self":[{"href":"https:\/\/www.relatorios.projetovivamusica.org.br\/20212\/index.php?rest_route=\/wp\/v2\/pages\/28"}],"collection":[{"href":"https:\/\/www.relatorios.projetovivamusica.org.br\/20212\/index.php?rest_route=\/wp\/v2\/pages"}],"about":[{"href":"https:\/\/www.relatorios.projetovivamusica.org.br\/20212\/index.php?rest_route=\/wp\/v2\/types\/page"}],"author":[{"embeddable":true,"href":"https:\/\/www.relatorios.projetovivamusica.org.br\/20212\/index.php?rest_route=\/wp\/v2\/users\/1"}],"replies":[{"embeddable":true,"href":"https:\/\/www.relatorios.projetovivamusica.org.br\/20212\/index.php?rest_route=%2Fwp%2Fv2%2Fcomments&post=28"}],"version-history":[{"count":2,"href":"https:\/\/www.relatorios.projetovivamusica.org.br\/20212\/index.php?rest_route=\/wp\/v2\/pages\/28\/revisions"}],"predecessor-version":[{"id":209,"href":"https:\/\/www.relatorios.projetovivamusica.org.br\/20212\/index.php?rest_route=\/wp\/v2\/pages\/28\/revisions\/209"}],"up":[{"embeddable":true,"href":"https:\/\/www.relatorios.projetovivamusica.org.br\/20212\/index.php?rest_route=\/wp\/v2\/pages\/30"}],"wp:attachment":[{"href":"https:\/\/www.relatorios.projetovivamusica.org.br\/20212\/index.php?rest_route=%2Fwp%2Fv2%2Fmedia&parent=28"}],"curies":[{"name":"wp","href":"https:\/\/api.w.org\/{rel}","templated":true}]}}