{"id":433,"date":"2021-12-09T18:21:45","date_gmt":"2021-12-09T21:21:45","guid":{"rendered":"http:\/\/www.relatorios.projetovivamusica.org.br\/20212\/?page_id=433"},"modified":"2021-12-09T18:21:45","modified_gmt":"2021-12-09T21:21:45","slug":"viva-musica-show","status":"publish","type":"page","link":"https:\/\/www.relatorios.projetovivamusica.org.br\/20212\/?page_id=433","title":{"rendered":"Viva M\u00fasica Show"},"content":{"rendered":"<p>[vc_row][vc_column][vc_column_text css_animation=&#8221;fadeIn&#8221;]O Viva M\u00fasica Show acontece anualmente no m\u00eas de dezembro e \u00e9 conhecidocomo evento de encerramento do ano.<\/p>\n<p>Mas neste ano faremos dois eventos Viva M\u00fasica Show \u2013 Inverno, e Viva M\u00fasica Show \u2013 Ver\u00e3o.<\/p>\n<p>Pela primeira vez alunos de diferentes polos se apresentam juntos na mesma m\u00fasica, este foi um grande desafio, mas que resultou na realiza\u00e7\u00e3o pessoal de muita gente.[\/vc_column_text][vc_empty_space][vc_column_text css_animation=&#8221;fadeIn&#8221;]<\/p>\n<p><strong><a href=\"https:\/\/www.youtube.com\/watch?v=F7-T4LxpMU0&amp;list=PL2Oyz-2Jr2RvQGIuTeWSNsogmJmHDWKDO&amp;index=2\" target=\"_blank\" rel=\"noopener noreferrer\">001 &#8211; Nan\u00e1 &#8211; Prof. Bruno (Grupo de Sopros) &#8211; Blumenau<\/a><\/strong><br \/>\n<strong><a href=\"https:\/\/www.youtube.com\/watch?v=zKFf0pleqDs&amp;list=PL2Oyz-2Jr2RvQGIuTeWSNsogmJmHDWKDO\" target=\"_blank\" rel=\"noopener noreferrer\">002 &#8211; Maria, Maria &#8211; Prof. Michele (Flautas) &#8211; Ituporanga<\/a><\/strong><br \/>\n<strong><a href=\"https:\/\/www.youtube.com\/watch?v=Q54BPm2OT4s&amp;list=PL2Oyz-2Jr2RvQGIuTeWSNsogmJmHDWKDO&amp;index=10\" target=\"_blank\" rel=\"noopener noreferrer\">003 &#8211; Perfect &#8211; Prof. Samara (Coro infanto-juvenil) &#8211; Blumenau<\/a><\/strong><br \/>\n<strong><a href=\"https:\/\/www.youtube.com\/watch?v=9HLG10Ak0Ec&amp;list=PL2Oyz-2Jr2RvQGIuTeWSNsogmJmHDWKDO&amp;index=3\" target=\"_blank\" rel=\"noopener noreferrer\">004 &#8211; Duba &#8211; Prof. Luana (Grupo vocal) &#8211; Blumenau<\/a><\/strong><br \/>\n<strong><a href=\"https:\/\/www.youtube.com\/watch?v=BYyuLNTX0_4&amp;list=PL2Oyz-2Jr2RvQGIuTeWSNsogmJmHDWKDO&amp;index=7\" target=\"_blank\" rel=\"noopener noreferrer\">005 &#8211; Take Five &#8211; Prof. Camila (Piano) &#8211; Blumenau<\/a><\/strong><br \/>\n<strong><a href=\"https:\/\/www.youtube.com\/watch?v=7CGCSw-5sN4&amp;list=PL2Oyz-2Jr2RvQGIuTeWSNsogmJmHDWKDO&amp;index=8\" target=\"_blank\" rel=\"noopener noreferrer\">006 &#8211; God\u2019s not dead &#8211; Prof. Tiago (Cerene) &#8211; Blumenau<\/a><\/strong><br \/>\n<strong><a href=\"https:\/\/www.youtube.com\/watch?v=NvubbzFfkto&amp;list=PL2Oyz-2Jr2RvQGIuTeWSNsogmJmHDWKDO&amp;index=9\" target=\"_blank\" rel=\"noopener noreferrer\">007 &#8211; Trevo &#8211; Intera\u00e7\u00e3o entre Polos &#8211; Blumenau e Ituporanga<\/a><\/strong><br \/>\n<strong><a href=\"https:\/\/www.youtube.com\/watch?v=5KI_pTbXT2M&amp;list=PL2Oyz-2Jr2RvQGIuTeWSNsogmJmHDWKDO&amp;index=11\">008 &#8211; Ovelha negra &#8211; Intera\u00e7\u00e3o entre Polos &#8211; Blumenau e Ituporanga<\/a><\/strong><br \/>\n<strong><a href=\"https:\/\/www.youtube.com\/watch?v=ZGP8Av2WZCk&amp;list=PL2Oyz-2Jr2RvQGIuTeWSNsogmJmHDWKDO&amp;index=6\" target=\"_blank\" rel=\"noopener noreferrer\">009 &#8211; Adeus, Mariana &#8211; Prof. Fernando &#8211; Ituporanga<\/a><\/strong><br \/>\n<strong><a href=\"https:\/\/www.youtube.com\/watch?v=UvOpI8BJlww&amp;list=PL2Oyz-2Jr2RvQGIuTeWSNsogmJmHDWKDO&amp;index=5\" target=\"_blank\" rel=\"noopener noreferrer\">010 &#8211; Fly me to the moon &#8211; Intera\u00e7\u00e3o entre Polos &#8211; Blumenau e Ituporanga<\/a><\/strong><br \/>\n<strong><a href=\"https:\/\/www.youtube.com\/watch?v=DJ_8I0IQlOo&amp;list=PL2Oyz-2Jr2RvQGIuTeWSNsogmJmHDWKDO&amp;index=4\" target=\"_blank\" rel=\"noopener noreferrer\">011 &#8211; Aquarela &#8211; Prof. Fernando &#8211; Ituporanga<\/a><\/strong>[\/vc_column_text][\/vc_column][\/vc_row]<\/p>\n","protected":false},"excerpt":{"rendered":"<p>[vc_row][vc_column][vc_column_text css_animation=&#8221;fadeIn&#8221;]O Viva M\u00fasica Show acontece anualmente no m\u00eas de dezembro e \u00e9 conhecidocomo evento de encerramento do ano. Mas neste ano faremos dois eventos Viva M\u00fasica Show \u2013 Inverno, e Viva M\u00fasica Show \u2013 Ver\u00e3o. Pela primeira vez alunos de diferentes polos se apresentam juntos na mesma m\u00fasica, este foi um grande desafio, mas&hellip;<\/p>\n","protected":false},"author":1,"featured_media":0,"parent":0,"menu_order":0,"comment_status":"closed","ping_status":"closed","template":"","meta":[],"_links":{"self":[{"href":"https:\/\/www.relatorios.projetovivamusica.org.br\/20212\/index.php?rest_route=\/wp\/v2\/pages\/433"}],"collection":[{"href":"https:\/\/www.relatorios.projetovivamusica.org.br\/20212\/index.php?rest_route=\/wp\/v2\/pages"}],"about":[{"href":"https:\/\/www.relatorios.projetovivamusica.org.br\/20212\/index.php?rest_route=\/wp\/v2\/types\/page"}],"author":[{"embeddable":true,"href":"https:\/\/www.relatorios.projetovivamusica.org.br\/20212\/index.php?rest_route=\/wp\/v2\/users\/1"}],"replies":[{"embeddable":true,"href":"https:\/\/www.relatorios.projetovivamusica.org.br\/20212\/index.php?rest_route=%2Fwp%2Fv2%2Fcomments&post=433"}],"version-history":[{"count":14,"href":"https:\/\/www.relatorios.projetovivamusica.org.br\/20212\/index.php?rest_route=\/wp\/v2\/pages\/433\/revisions"}],"predecessor-version":[{"id":542,"href":"https:\/\/www.relatorios.projetovivamusica.org.br\/20212\/index.php?rest_route=\/wp\/v2\/pages\/433\/revisions\/542"}],"wp:attachment":[{"href":"https:\/\/www.relatorios.projetovivamusica.org.br\/20212\/index.php?rest_route=%2Fwp%2Fv2%2Fmedia&parent=433"}],"curies":[{"name":"wp","href":"https:\/\/api.w.org\/{rel}","templated":true}]}}