{"id":543,"date":"2021-12-09T18:46:00","date_gmt":"2021-12-09T21:46:00","guid":{"rendered":"https:\/\/www.relatorios.projetovivamusica.org.br\/20212\/?page_id=543"},"modified":"2021-12-16T09:35:07","modified_gmt":"2021-12-16T12:35:07","slug":"florianopolis","status":"publish","type":"page","link":"https:\/\/www.relatorios.projetovivamusica.org.br\/20212\/?page_id=543","title":{"rendered":"Florian\u00f3polis"},"content":{"rendered":"<p>[vc_row][vc_column]<div class=\"wf-container dt-blog-shortcode loading-effect-flip description-under-image iso-container\" data-padding=\"20px\" data-cur-page=\"1\" data-width=\"370px\" data-columns=\"2\">\n<div class=\"wf-cell iso-item\" data-date=\"2021-12-09T18:52:16-03:00\" data-name=\"Canto Coral - Morro do Hor\u00e1cio\" data-post-id=\"549\">\n<article class=\"post post-549 type-post status-publish format-standard has-post-thumbnail hentry category-aluno-bom-de-nota-florianopolis description-off\">\n\n\t<div class=\"blog-media wf-td\"><p><a href=\"https:\/\/www.relatorios.projetovivamusica.org.br\/20212\/?p=549\" class=\"alignnone rollover\" ><img class=\"preload-me\" srcset=\"https:\/\/www.relatorios.projetovivamusica.org.br\/20212\/wp-content\/uploads\/2021\/12\/5.2-Morro-do-Horacio-Prof.-Bruno-e-Cristian-555x416.jpg 1x, https:\/\/www.relatorios.projetovivamusica.org.br\/20212\/wp-content\/uploads\/2021\/12\/5.2-Morro-do-Horacio-Prof.-Bruno-e-Cristian-1110x832.jpg 2x\" alt=\"\" title=\"5.2 Morro do Hor\u00e1cio &#8211; Prof. Bruno e Cristian\" width=\"555\" height=\"416\"  \/><\/a><\/p><\/div><div class=\"blog-content wf-td\">\n\n\t\t<h2 class=\"entry-title\">\n\t\t<a href=\"https:\/\/www.relatorios.projetovivamusica.org.br\/20212\/?p=549\" title=\"Canto Coral &#8211; Morro do Hor\u00e1cio\" rel=\"bookmark\">Canto Coral &#8211; Morro do Hor\u00e1cio<\/a>\n\t<\/h2>\n\n\t<p>Na comunidade do Morro do Hor\u00e1cio iniciamos as atividades com 13 crian\u00e7as e outras foram vindo a convite dos pr\u00f3prios integrantes. A idade m\u00e9dia dos alunos ficou em 10 anos sendo o menor com 8 e os maiores com 13 anos.<\/p>\n\n\t\n\t\n\t\n<\/div>\n<\/article><!-- #post-549 -->\n\n<\/div>\n<div class=\"wf-cell iso-item\" data-date=\"2021-12-09T18:48:28-03:00\" data-name=\"Canto Coral e Violino - Morro do Quilombo\" data-post-id=\"545\">\n<article class=\"post post-545 type-post status-publish format-standard has-post-thumbnail hentry category-aluno-bom-de-nota-florianopolis description-off\">\n\n\t<div class=\"blog-media wf-td\"><p><a href=\"https:\/\/www.relatorios.projetovivamusica.org.br\/20212\/?p=545\" class=\"alignnone rollover\" ><img class=\"preload-me\" srcset=\"https:\/\/www.relatorios.projetovivamusica.org.br\/20212\/wp-content\/uploads\/2021\/12\/5.1-Prof.-Bruno-e-Prof.-Cristian-555x833.jpg 1x, https:\/\/www.relatorios.projetovivamusica.org.br\/20212\/wp-content\/uploads\/2021\/12\/5.1-Prof.-Bruno-e-Prof.-Cristian-1110x1666.jpg 2x\" alt=\"\" title=\"5.1 Prof. Bruno e Prof. Cristian\" width=\"555\" height=\"833\"  \/><\/a><\/p><\/div><div class=\"blog-content wf-td\">\n\n\t\t<h2 class=\"entry-title\">\n\t\t<a href=\"https:\/\/www.relatorios.projetovivamusica.org.br\/20212\/?p=545\" title=\"Canto Coral e Violino &#8211; Morro do Quilombo\" rel=\"bookmark\">Canto Coral e Violino &#8211; Morro do Quilombo<\/a>\n\t<\/h2>\n\n\t<p>Iniciamos a parceria com o projeto Viva m\u00fasica no segundo semestre do corrente ano. A ideia por aqui foi lecionar aulas de m\u00fasica para crian\u00e7as e adolescentes em situa\u00e7\u00e3o de risco e\/ou vulnerabilidade social a fim de despertar o interesse pela m\u00fasica, elevar a autoestima e incentivar o desenvolvimento pessoal.<\/p>\n\n\t\n\t\n\t\n<\/div>\n<\/article><!-- #post-545 -->\n\n<\/div><\/div>[\/vc_column][\/vc_row]<\/p>\n","protected":false},"excerpt":{"rendered":"<p>[vc_row][vc_column][\/vc_column][\/vc_row]<\/p>\n","protected":false},"author":1,"featured_media":0,"parent":0,"menu_order":0,"comment_status":"closed","ping_status":"closed","template":"","meta":[],"_links":{"self":[{"href":"https:\/\/www.relatorios.projetovivamusica.org.br\/20212\/index.php?rest_route=\/wp\/v2\/pages\/543"}],"collection":[{"href":"https:\/\/www.relatorios.projetovivamusica.org.br\/20212\/index.php?rest_route=\/wp\/v2\/pages"}],"about":[{"href":"https:\/\/www.relatorios.projetovivamusica.org.br\/20212\/index.php?rest_route=\/wp\/v2\/types\/page"}],"author":[{"embeddable":true,"href":"https:\/\/www.relatorios.projetovivamusica.org.br\/20212\/index.php?rest_route=\/wp\/v2\/users\/1"}],"replies":[{"embeddable":true,"href":"https:\/\/www.relatorios.projetovivamusica.org.br\/20212\/index.php?rest_route=%2Fwp%2Fv2%2Fcomments&post=543"}],"version-history":[{"count":4,"href":"https:\/\/www.relatorios.projetovivamusica.org.br\/20212\/index.php?rest_route=\/wp\/v2\/pages\/543\/revisions"}],"predecessor-version":[{"id":561,"href":"https:\/\/www.relatorios.projetovivamusica.org.br\/20212\/index.php?rest_route=\/wp\/v2\/pages\/543\/revisions\/561"}],"wp:attachment":[{"href":"https:\/\/www.relatorios.projetovivamusica.org.br\/20212\/index.php?rest_route=%2Fwp%2Fv2%2Fmedia&parent=543"}],"curies":[{"name":"wp","href":"https:\/\/api.w.org\/{rel}","templated":true}]}}