{"id":543,"date":"2021-12-09T18:46:00","date_gmt":"2021-12-09T21:46:00","guid":{"rendered":"https:\/\/www.relatorios.projetovivamusica.org.br\/20221\/?page_id=543"},"modified":"2023-03-15T11:07:05","modified_gmt":"2023-03-15T14:07:05","slug":"florianopolis","status":"publish","type":"page","link":"https:\/\/www.relatorios.projetovivamusica.org.br\/20222\/florianopolis\/","title":{"rendered":"Aluno Bom de Nota \u2013 Florian\u00f3polis"},"content":{"rendered":"<p>[vc_row][vc_column]<div class=\"wf-container dt-blog-shortcode loading-effect-flip description-under-image iso-container\" data-padding=\"20px\" data-cur-page=\"1\" data-width=\"370px\" data-columns=\"1\">\n<div class=\"wf-cell iso-item\" data-date=\"2021-12-09T18:52:16-03:00\" data-name=\"Aluno Bom de Nota - Florian\u00f3polis\" data-post-id=\"549\">\n<article class=\"post post-549 type-post status-publish format-standard has-post-thumbnail hentry category-aluno-bom-de-nota-florianopolis description-off\">\n\n\t<div class=\"blog-media wf-td\"><p><a href=\"https:\/\/www.relatorios.projetovivamusica.org.br\/20222\/aluno-bom-de-nota-florianopolis\/\" class=\"alignnone rollover\" ><img class=\"preload-me\" srcset=\"https:\/\/www.relatorios.projetovivamusica.org.br\/20222\/wp-content\/uploads\/2021\/12\/4.1-Floripa2-scaled-555x371.jpg 1x, https:\/\/www.relatorios.projetovivamusica.org.br\/20222\/wp-content\/uploads\/2021\/12\/4.1-Floripa2-scaled-1110x742.jpg 2x\" alt=\"\" title=\"4.1 Floripa(2)\" width=\"555\" height=\"371\"  \/><\/a><\/p><\/div><div class=\"blog-content wf-td\">\n\n\t\t<h2 class=\"entry-title\">\n\t\t<a href=\"https:\/\/www.relatorios.projetovivamusica.org.br\/20222\/aluno-bom-de-nota-florianopolis\/\" title=\"Aluno Bom de Nota &#8211; Florian\u00f3polis\" rel=\"bookmark\">Aluno Bom de Nota &#8211; Florian\u00f3polis<\/a>\n\t<\/h2>\n\n\t<p>As aulas em Florian\u00f3polis acontecem em dois Polos: Morro do Quilombo e Morro do Hor\u00e1cio. No primeiro, foram realizadas aulas de violino e de teoria musical, trabalhando com exerc\u00edcios escritos, t\u00e9cnicos e tamb\u00e9m m\u00fasicas como o tema do filme Harry Potter, \u201cEstrelinha\u201d e \u201cGrande \u00e9 o Senhor\u201d.<\/p>\n\n\t\n\t\n\t\n<\/div>\n<\/article><!-- #post-549 -->\n\n<\/div><\/div>[\/vc_column][\/vc_row]<\/p>\n","protected":false},"excerpt":{"rendered":"<p>[vc_row][vc_column][\/vc_column][\/vc_row]<\/p>\n","protected":false},"author":1,"featured_media":0,"parent":0,"menu_order":0,"comment_status":"closed","ping_status":"closed","template":"","meta":[],"_links":{"self":[{"href":"https:\/\/www.relatorios.projetovivamusica.org.br\/20222\/wp-json\/wp\/v2\/pages\/543"}],"collection":[{"href":"https:\/\/www.relatorios.projetovivamusica.org.br\/20222\/wp-json\/wp\/v2\/pages"}],"about":[{"href":"https:\/\/www.relatorios.projetovivamusica.org.br\/20222\/wp-json\/wp\/v2\/types\/page"}],"author":[{"embeddable":true,"href":"https:\/\/www.relatorios.projetovivamusica.org.br\/20222\/wp-json\/wp\/v2\/users\/1"}],"replies":[{"embeddable":true,"href":"https:\/\/www.relatorios.projetovivamusica.org.br\/20222\/wp-json\/wp\/v2\/comments?post=543"}],"version-history":[{"count":6,"href":"https:\/\/www.relatorios.projetovivamusica.org.br\/20222\/wp-json\/wp\/v2\/pages\/543\/revisions"}],"predecessor-version":[{"id":801,"href":"https:\/\/www.relatorios.projetovivamusica.org.br\/20222\/wp-json\/wp\/v2\/pages\/543\/revisions\/801"}],"wp:attachment":[{"href":"https:\/\/www.relatorios.projetovivamusica.org.br\/20222\/wp-json\/wp\/v2\/media?parent=543"}],"curies":[{"name":"wp","href":"https:\/\/api.w.org\/{rel}","templated":true}]}}