{"id":32,"date":"2020-07-29T15:31:06","date_gmt":"2020-07-29T18:31:06","guid":{"rendered":"http:\/\/www.relatorios.projetovivamusica.org.br\/?page_id=32"},"modified":"2022-08-06T01:12:50","modified_gmt":"2022-08-06T04:12:50","slug":"ong-amiguinho-feliz","status":"publish","type":"page","link":"https:\/\/www.relatorios.projetovivamusica.org.br\/20231\/blumenau\/ong-amiguinho-feliz\/","title":{"rendered":"ONG Amiguinho Feliz"},"content":{"rendered":"<h3 style=\"text-align: center;\">A ONG Amiguinho Feliz \u00e9 contemplada com aulas de musicaliza\u00e7\u00e3o infantil.<\/h3>\n","protected":false},"excerpt":{"rendered":"<p>A ONG Amiguinho Feliz \u00e9 contemplada com aulas de musicaliza\u00e7\u00e3o infantil.<\/p>\n","protected":false},"author":1,"featured_media":0,"parent":30,"menu_order":0,"comment_status":"closed","ping_status":"closed","template":"template-blog-masonry.php","meta":[],"_links":{"self":[{"href":"https:\/\/www.relatorios.projetovivamusica.org.br\/20231\/wp-json\/wp\/v2\/pages\/32"}],"collection":[{"href":"https:\/\/www.relatorios.projetovivamusica.org.br\/20231\/wp-json\/wp\/v2\/pages"}],"about":[{"href":"https:\/\/www.relatorios.projetovivamusica.org.br\/20231\/wp-json\/wp\/v2\/types\/page"}],"author":[{"embeddable":true,"href":"https:\/\/www.relatorios.projetovivamusica.org.br\/20231\/wp-json\/wp\/v2\/users\/1"}],"replies":[{"embeddable":true,"href":"https:\/\/www.relatorios.projetovivamusica.org.br\/20231\/wp-json\/wp\/v2\/comments?post=32"}],"version-history":[{"count":3,"href":"https:\/\/www.relatorios.projetovivamusica.org.br\/20231\/wp-json\/wp\/v2\/pages\/32\/revisions"}],"predecessor-version":[{"id":206,"href":"https:\/\/www.relatorios.projetovivamusica.org.br\/20231\/wp-json\/wp\/v2\/pages\/32\/revisions\/206"}],"up":[{"embeddable":true,"href":"https:\/\/www.relatorios.projetovivamusica.org.br\/20231\/wp-json\/wp\/v2\/pages\/30"}],"wp:attachment":[{"href":"https:\/\/www.relatorios.projetovivamusica.org.br\/20231\/wp-json\/wp\/v2\/media?parent=32"}],"curies":[{"name":"wp","href":"https:\/\/api.w.org\/{rel}","templated":true}]}}