{"id":879,"date":"2023-07-25T21:43:31","date_gmt":"2023-07-26T00:43:31","guid":{"rendered":"https:\/\/www.relatorios.projetovivamusica.org.br\/20231\/?page_id=879"},"modified":"2023-07-25T22:29:43","modified_gmt":"2023-07-26T01:29:43","slug":"equipe","status":"publish","type":"page","link":"https:\/\/www.relatorios.projetovivamusica.org.br\/20231\/equipe\/","title":{"rendered":"Equipe"},"content":{"rendered":"<p>[vc_row][vc_column]<div class=\"dt-fancy-separator h2-size title-color\" style=\"width: 100%;\"><div class=\"dt-fancy-title\"><span class=\"separator-holder separator-left\"><\/span>Coordena\u00e7\u00e3o<span class=\"separator-holder separator-right\"><\/span><\/div><\/div>[vc_empty_space height=&#8221;100px&#8221;][\/vc_column][\/vc_row][vc_row full_width=&#8221;true&#8221;][vc_column]<div class=\"wf-container loading-effect-fade-in description-under-image iso-grid\" data-padding=\"10px\" data-cur-page=\"1\" data-width=\"180px\" data-columns=\"5\"><div class=\"wf-cell\" data-date=\"2023-07-25T21:57:59-03:00\" data-name=\"Marwin Friesen\" data-post-id=\"882\">\n\t<div class=\"team-container post-882 dt_team type-dt_team status-publish has-post-thumbnail hentry dt_team_category-coordenacao description-off\">\n\n\t\t<div class=\"team-media\"><span><img class=\"preload-me\" srcset=\"https:\/\/www.relatorios.projetovivamusica.org.br\/20231\/wp-content\/uploads\/2023\/07\/marwin-270x270.png 1x, https:\/\/www.relatorios.projetovivamusica.org.br\/20231\/wp-content\/uploads\/2023\/07\/marwin-540x540.png 2x\" width=\"270\" height=\"270\"  title=\"marwin\" alt=\"\" \/><\/span><\/div>\n\t\t<div class=\"team-desc\">\n\n\t\t\t<div class=\"team-author\"><div class=\"team-author-name\">Marwin Friesen<\/div><p>Coordena\u00e7\u00e3o Geral <\/p><\/div>\n\t\t<\/div>\n\t<\/div>\n\n<\/div><div class=\"wf-cell\" data-date=\"2023-07-25T22:02:31-03:00\" data-name=\"Larisa Hemkemeier Webber de Mello\" data-post-id=\"887\">\n\t<div class=\"team-container post-887 dt_team type-dt_team status-publish has-post-thumbnail hentry dt_team_category-coordenacao description-off\">\n\n\t\t<div class=\"team-media\"><span><img class=\"preload-me\" srcset=\"https:\/\/www.relatorios.projetovivamusica.org.br\/20231\/wp-content\/uploads\/2023\/07\/larisa-270x270.png 1x, https:\/\/www.relatorios.projetovivamusica.org.br\/20231\/wp-content\/uploads\/2023\/07\/larisa-540x540.png 2x\" width=\"270\" height=\"270\"  title=\"larisa\" alt=\"\" \/><\/span><\/div>\n\t\t<div class=\"team-desc\">\n\n\t\t\t<div class=\"team-author\"><div class=\"team-author-name\">Larisa Hemkemeier Webber de Mello<\/div><p>Coordena\u00e7\u00e3o T\u00e9cnica<\/p><\/div>\n\t\t<\/div>\n\t<\/div>\n\n<\/div><div class=\"wf-cell\" data-date=\"2023-07-25T22:06:14-03:00\" data-name=\"Loriberto Starosky Filho\" data-post-id=\"891\">\n\t<div class=\"team-container post-891 dt_team type-dt_team status-publish has-post-thumbnail hentry dt_team_category-coordenacao description-off\">\n\n\t\t<div class=\"team-media\"><span><img class=\"preload-me\" srcset=\"https:\/\/www.relatorios.projetovivamusica.org.br\/20231\/wp-content\/uploads\/2023\/07\/loriberto-270x270.png 1x, https:\/\/www.relatorios.projetovivamusica.org.br\/20231\/wp-content\/uploads\/2023\/07\/loriberto-540x540.png 2x\" width=\"270\" height=\"270\"  title=\"loriberto\" alt=\"\" \/><\/span><\/div>\n\t\t<div class=\"team-desc\">\n\n\t\t\t<div class=\"team-author\"><div class=\"team-author-name\">Loriberto Starosky Filho<\/div><p>Coordena\u00e7\u00e3o Administrativa\/Financeiro<\/p><\/div>\n\t\t<\/div>\n\t<\/div>\n\n<\/div><div class=\"wf-cell\" data-date=\"2023-07-25T22:11:35-03:00\" data-name=\"Elizete de Moraes Dorffmuller\" data-post-id=\"893\">\n\t<div class=\"team-container post-893 dt_team type-dt_team status-publish has-post-thumbnail hentry dt_team_category-coordenacao description-off\">\n\n\t\t<div class=\"team-media\"><span><img class=\"preload-me\" srcset=\"https:\/\/www.relatorios.projetovivamusica.org.br\/20231\/wp-content\/uploads\/2023\/07\/elizete-270x270.png 1x, https:\/\/www.relatorios.projetovivamusica.org.br\/20231\/wp-content\/uploads\/2023\/07\/elizete-540x540.png 2x\" width=\"270\" height=\"270\"  title=\"elizete\" alt=\"\" \/><\/span><\/div>\n\t\t<div class=\"team-desc\">\n\n\t\t\t<div class=\"team-author\"><div class=\"team-author-name\">Elizete de Moraes Dorffmuller<\/div><p>COORDENA\u00c7\u00c3O ADMINISTRATIVA\/FINANCEIRO<\/p><\/div>\n\t\t<\/div>\n\t<\/div>\n\n<\/div><div class=\"wf-cell\" data-date=\"2023-07-25T22:14:14-03:00\" data-name=\"Helo\u00edsa Helena Darosci\" data-post-id=\"894\">\n\t<div class=\"team-container post-894 dt_team type-dt_team status-publish has-post-thumbnail hentry dt_team_category-coordenacao description-off\">\n\n\t\t<div class=\"team-media\"><span><img class=\"preload-me\" srcset=\"https:\/\/www.relatorios.projetovivamusica.org.br\/20231\/wp-content\/uploads\/2023\/07\/heloisa-270x270.png 1x, https:\/\/www.relatorios.projetovivamusica.org.br\/20231\/wp-content\/uploads\/2023\/07\/heloisa-540x540.png 2x\" width=\"270\" height=\"270\"  title=\"heloisa\" alt=\"\" \/><\/span><\/div>\n\t\t<div class=\"team-desc\">\n\n\t\t\t<div class=\"team-author\"><div class=\"team-author-name\">Helo\u00edsa Helena Darosci<\/div><p>Coordena\u00e7\u00e3o Pedag\u00f3gica<\/p><\/div>\n\t\t<\/div>\n\t<\/div>\n\n<\/div><\/div>[\/vc_column][\/vc_row][vc_row][vc_column][vc_empty_space height=&#8221;100px&#8221;]<div class=\"dt-fancy-separator h2-size title-color\" style=\"width: 100%;\"><div class=\"dt-fancy-title\"><span class=\"separator-holder separator-left\"><\/span>Professores<span class=\"separator-holder separator-right\"><\/span><\/div><\/div>[vc_empty_space height=&#8221;100px&#8221;][\/vc_column][\/vc_row][vc_row full_width=&#8221;true&#8221;][vc_column]<div class=\"wf-container loading-effect-fade-in description-under-image iso-grid\" data-padding=\"10px\" data-cur-page=\"1\" data-width=\"150px\" data-columns=\"5\"><div class=\"wf-cell\" data-date=\"2023-07-25T22:18:37-03:00\" data-name=\"Ana Wurmli\" data-post-id=\"901\">\n\t<div class=\"team-container post-901 dt_team type-dt_team status-publish has-post-thumbnail hentry dt_team_category-professores description-off\">\n\n\t\t<div class=\"team-media\"><span><img class=\"preload-me\" srcset=\"https:\/\/www.relatorios.projetovivamusica.org.br\/20231\/wp-content\/uploads\/2023\/07\/ana-225x225.png 1x, https:\/\/www.relatorios.projetovivamusica.org.br\/20231\/wp-content\/uploads\/2023\/07\/ana-450x450.png 2x\" width=\"225\" height=\"225\"  title=\"ana\" alt=\"\" \/><\/span><\/div>\n\t\t<div class=\"team-desc\">\n\n\t\t\t<div class=\"team-author\"><div class=\"team-author-name\">Ana Wurmli<\/div><p>Professora<\/p><\/div>\n\t\t<\/div>\n\t<\/div>\n\n<\/div><div class=\"wf-cell\" data-date=\"2023-07-25T22:20:30-03:00\" data-name=\"Bruno Soares\" data-post-id=\"904\">\n\t<div class=\"team-container post-904 dt_team type-dt_team status-publish has-post-thumbnail hentry dt_team_category-professores description-off\">\n\n\t\t<div class=\"team-media\"><span><img class=\"preload-me\" srcset=\"https:\/\/www.relatorios.projetovivamusica.org.br\/20231\/wp-content\/uploads\/2023\/07\/bruno-225x225.png 1x, https:\/\/www.relatorios.projetovivamusica.org.br\/20231\/wp-content\/uploads\/2023\/07\/bruno-450x450.png 2x\" width=\"225\" height=\"225\"  title=\"bruno\" alt=\"\" \/><\/span><\/div>\n\t\t<div class=\"team-desc\">\n\n\t\t\t<div class=\"team-author\"><div class=\"team-author-name\">Bruno Soares<\/div><p>Professor<\/p><\/div>\n\t\t<\/div>\n\t<\/div>\n\n<\/div><div class=\"wf-cell\" data-date=\"2023-07-25T22:22:29-03:00\" data-name=\"Fabiano Sevegnani\" data-post-id=\"907\">\n\t<div class=\"team-container post-907 dt_team type-dt_team status-publish has-post-thumbnail hentry dt_team_category-professores description-off\">\n\n\t\t<div class=\"team-media\"><span><img class=\"preload-me\" srcset=\"https:\/\/www.relatorios.projetovivamusica.org.br\/20231\/wp-content\/uploads\/2023\/07\/fabiano-225x225.png 1x, https:\/\/www.relatorios.projetovivamusica.org.br\/20231\/wp-content\/uploads\/2023\/07\/fabiano-450x450.png 2x\" width=\"225\" height=\"225\"  title=\"fabiano\" alt=\"\" \/><\/span><\/div>\n\t\t<div class=\"team-desc\">\n\n\t\t\t<div class=\"team-author\"><div class=\"team-author-name\">Fabiano Sevegnani<\/div><p>Professor<\/p><\/div>\n\t\t<\/div>\n\t<\/div>\n\n<\/div><div class=\"wf-cell\" data-date=\"2023-07-25T22:24:00-03:00\" data-name=\"Fernando Fanton\" data-post-id=\"910\">\n\t<div class=\"team-container post-910 dt_team type-dt_team status-publish has-post-thumbnail hentry dt_team_category-professores description-off\">\n\n\t\t<div class=\"team-media\"><span><img class=\"preload-me\" srcset=\"https:\/\/www.relatorios.projetovivamusica.org.br\/20231\/wp-content\/uploads\/2023\/07\/Fernando-Fanton-225x225.png 1x, https:\/\/www.relatorios.projetovivamusica.org.br\/20231\/wp-content\/uploads\/2023\/07\/Fernando-Fanton-450x450.png 2x\" width=\"225\" height=\"225\"  title=\"Fernando-Fanton\" alt=\"\" \/><\/span><\/div>\n\t\t<div class=\"team-desc\">\n\n\t\t\t<div class=\"team-author\"><div class=\"team-author-name\">Fernando Fanton<\/div><p>Professor<\/p><\/div>\n\t\t<\/div>\n\t<\/div>\n\n<\/div><div class=\"wf-cell\" data-date=\"2023-07-25T22:25:20-03:00\" data-name=\"Luana Machado\" data-post-id=\"912\">\n\t<div class=\"team-container post-912 dt_team type-dt_team status-publish has-post-thumbnail hentry dt_team_category-professores description-off\">\n\n\t\t<div class=\"team-media\"><span><img class=\"preload-me\" srcset=\"https:\/\/www.relatorios.projetovivamusica.org.br\/20231\/wp-content\/uploads\/2023\/07\/luana-225x225.png 1x, https:\/\/www.relatorios.projetovivamusica.org.br\/20231\/wp-content\/uploads\/2023\/07\/luana-450x450.png 2x\" width=\"225\" height=\"225\"  title=\"luana\" alt=\"\" \/><\/span><\/div>\n\t\t<div class=\"team-desc\">\n\n\t\t\t<div class=\"team-author\"><div class=\"team-author-name\">Luana Machado<\/div><p>Professora<\/p><\/div>\n\t\t<\/div>\n\t<\/div>\n\n<\/div><div class=\"wf-cell\" data-date=\"2023-07-25T22:26:29-03:00\" data-name=\"Michele Back\" data-post-id=\"914\">\n\t<div class=\"team-container post-914 dt_team type-dt_team status-publish has-post-thumbnail hentry dt_team_category-professores description-off\">\n\n\t\t<div class=\"team-media\"><span><img class=\"preload-me\" srcset=\"https:\/\/www.relatorios.projetovivamusica.org.br\/20231\/wp-content\/uploads\/2023\/07\/micehele-225x225.png 1x, https:\/\/www.relatorios.projetovivamusica.org.br\/20231\/wp-content\/uploads\/2023\/07\/micehele-450x450.png 2x\" width=\"225\" height=\"225\"  title=\"micehele\" alt=\"\" \/><\/span><\/div>\n\t\t<div class=\"team-desc\">\n\n\t\t\t<div class=\"team-author\"><div class=\"team-author-name\">Michele Back<\/div><p>Professora<\/p><\/div>\n\t\t<\/div>\n\t<\/div>\n\n<\/div><div class=\"wf-cell\" data-date=\"2023-07-25T22:27:12-03:00\" data-name=\"Tiago Machado\" data-post-id=\"916\">\n\t<div class=\"team-container post-916 dt_team type-dt_team status-publish has-post-thumbnail hentry dt_team_category-professores description-off\">\n\n\t\t<div class=\"team-media\"><span><img class=\"preload-me\" srcset=\"https:\/\/www.relatorios.projetovivamusica.org.br\/20231\/wp-content\/uploads\/2023\/07\/thiaogmachao-225x225.png 1x, https:\/\/www.relatorios.projetovivamusica.org.br\/20231\/wp-content\/uploads\/2023\/07\/thiaogmachao-450x450.png 2x\" width=\"225\" height=\"225\"  title=\"thiaogmachao\" alt=\"\" \/><\/span><\/div>\n\t\t<div class=\"team-desc\">\n\n\t\t\t<div class=\"team-author\"><div class=\"team-author-name\">Tiago Machado<\/div><p>Professor<\/p><\/div>\n\t\t<\/div>\n\t<\/div>\n\n<\/div><\/div>[\/vc_column][\/vc_row]<\/p>\n","protected":false},"excerpt":{"rendered":"<p>[vc_row][vc_column][vc_empty_space height=&#8221;100px&#8221;][\/vc_column][\/vc_row][vc_row full_width=&#8221;true&#8221;][vc_column][\/vc_column][\/vc_row][vc_row][vc_column][vc_empty_space height=&#8221;100px&#8221;][vc_empty_space height=&#8221;100px&#8221;][\/vc_column][\/vc_row][vc_row full_width=&#8221;true&#8221;][vc_column][\/vc_column][\/vc_row]<\/p>\n","protected":false},"author":1,"featured_media":0,"parent":0,"menu_order":0,"comment_status":"closed","ping_status":"closed","template":"","meta":[],"_links":{"self":[{"href":"https:\/\/www.relatorios.projetovivamusica.org.br\/20231\/wp-json\/wp\/v2\/pages\/879"}],"collection":[{"href":"https:\/\/www.relatorios.projetovivamusica.org.br\/20231\/wp-json\/wp\/v2\/pages"}],"about":[{"href":"https:\/\/www.relatorios.projetovivamusica.org.br\/20231\/wp-json\/wp\/v2\/types\/page"}],"author":[{"embeddable":true,"href":"https:\/\/www.relatorios.projetovivamusica.org.br\/20231\/wp-json\/wp\/v2\/users\/1"}],"replies":[{"embeddable":true,"href":"https:\/\/www.relatorios.projetovivamusica.org.br\/20231\/wp-json\/wp\/v2\/comments?post=879"}],"version-history":[{"count":15,"href":"https:\/\/www.relatorios.projetovivamusica.org.br\/20231\/wp-json\/wp\/v2\/pages\/879\/revisions"}],"predecessor-version":[{"id":922,"href":"https:\/\/www.relatorios.projetovivamusica.org.br\/20231\/wp-json\/wp\/v2\/pages\/879\/revisions\/922"}],"wp:attachment":[{"href":"https:\/\/www.relatorios.projetovivamusica.org.br\/20231\/wp-json\/wp\/v2\/media?parent=879"}],"curies":[{"name":"wp","href":"https:\/\/api.w.org\/{rel}","templated":true}]}}